{"id":9398,"date":"2017-04-07T15:47:29","date_gmt":"2017-04-07T18:47:29","guid":{"rendered":"https:\/\/psjbatista.org.br\/paroquia\/?page_id=9398"},"modified":"2025-12-09T11:57:56","modified_gmt":"2025-12-09T14:57:56","slug":"expediente-paroquial-2","status":"publish","type":"page","link":"https:\/\/psjbatista.org.br\/paroquia\/expediente-paroquial-2\/","title":{"rendered":"Expediente Paroquial"},"content":{"rendered":"<div id=\"pl-9398\"  class=\"panel-layout\" ><div id=\"pg-9398-0\"  class=\"panel-grid panel-no-style\" ><div id=\"pgc-9398-0-0\"  class=\"panel-grid-cell\" ><div id=\"panel-9398-0-0-0\" class=\"so-panel widget widget_black-studio-tinymce widget_black_studio_tinymce panel-first-child panel-last-child\" data-index=\"0\" ><h3 class=\"widget-title\">Hor\u00e1rio de Missa<\/h3><div class=\"textwidget\"><p><strong>Matriz:<\/strong><br \/>\nDomingo: 07h - 09h - 11h - 19h<br \/>\nSegunda-Feira: Celebra\u00e7\u00e3o da Palavra 15h<br \/>\nUltima Segunda-Feira do m\u00eas: Missa da Sa\u00fade 20h<br \/>\nTer\u00e7a-Feira: 07h Celebra\u00e7\u00e3o da Palavra - 19h Missa<br \/>\nQuarta-Feira: 07h Celebra\u00e7\u00e3o da Palavra - 19h Missa<br \/>\nQuinta-Feira: 07h Celebra\u00e7\u00e3o da Palavra - 19h Missa<br \/>\nSexta-Feira: 07h Missa - 19h Celebra\u00e7\u00e3o da Palavra<br \/>\nPrimeira Sexta-Feira do m\u00eas: 07h e 19h<br \/>\nS\u00e1bado: 16h<\/p>\n<p><strong>Capelas<\/strong>:<br \/>\nDomingo - 10h<\/p>\n<\/div><\/div><\/div><div id=\"pgc-9398-0-1\"  class=\"panel-grid-cell\" ><div id=\"panel-9398-0-1-0\" class=\"so-panel widget widget_black-studio-tinymce widget_black_studio_tinymce panel-first-child\" data-index=\"1\" ><h3 class=\"widget-title\">Atendimento da Secretaria<\/h3><div class=\"textwidget\"><p>Ter\u00e7a a Sexta das 08h \u00e0s 19h<br \/>\nS\u00e1bado das 08h \u00e0s 18h<br \/>\nDomingo das 07h \u00e0s 12h e das 18h \u00e0s 19h<\/p>\n<\/div><\/div><div id=\"panel-9398-0-1-1\" class=\"so-panel widget widget_black-studio-tinymce widget_black_studio_tinymce panel-last-child\" data-index=\"2\" ><h3 class=\"widget-title\">Loja<\/h3><div class=\"textwidget\"><p>Ter\u00e7a a Sexta das 13h \u00e0s 19h<br \/>\nS\u00e1bado das 13h \u00e0s 18h<br \/>\nDomingo das 08h \u00e0s 12h<\/p>\n<\/div><\/div><\/div><\/div><\/div>","protected":false},"excerpt":{"rendered":"<p>Matriz: Domingo: 07h &#8211; 09h &#8211; 11h &#8211; 19h Segunda-Feira: Celebra\u00e7\u00e3o da Palavra 15h Ultima Segunda-Feira do m\u00eas: Missa da Sa\u00fade 20h Ter\u00e7a-Feira: 07h Celebra\u00e7\u00e3o da Palavra &#8211; 19h Missa Quarta-Feira: 07h Celebra\u00e7\u00e3o da Palavra &#8211; 19h Missa Quinta-Feira: 07h Celebra\u00e7\u00e3o da Palavra &#8211; 19h Missa Sexta-Feira: 07h Missa &#8211; 19h Celebra\u00e7\u00e3o da Palavra Primeira [&hellip;]<\/p>\n","protected":false},"author":5,"featured_media":9083,"parent":0,"menu_order":0,"comment_status":"closed","ping_status":"closed","template":"","meta":{"om_disable_all_campaigns":false,"_monsterinsights_skip_tracking":false,"_monsterinsights_sitenote_active":false,"_monsterinsights_sitenote_note":"","_monsterinsights_sitenote_category":0,"_uf_show_specific_survey":0,"_uf_disable_surveys":false,"footnotes":""},"class_list":["post-9398","page","type-page","status-publish","has-post-thumbnail","hentry"],"aioseo_notices":[],"_links":{"self":[{"href":"https:\/\/psjbatista.org.br\/paroquia\/wp-json\/wp\/v2\/pages\/9398","targetHints":{"allow":["GET"]}}],"collection":[{"href":"https:\/\/psjbatista.org.br\/paroquia\/wp-json\/wp\/v2\/pages"}],"about":[{"href":"https:\/\/psjbatista.org.br\/paroquia\/wp-json\/wp\/v2\/types\/page"}],"author":[{"embeddable":true,"href":"https:\/\/psjbatista.org.br\/paroquia\/wp-json\/wp\/v2\/users\/5"}],"replies":[{"embeddable":true,"href":"https:\/\/psjbatista.org.br\/paroquia\/wp-json\/wp\/v2\/comments?post=9398"}],"version-history":[{"count":1,"href":"https:\/\/psjbatista.org.br\/paroquia\/wp-json\/wp\/v2\/pages\/9398\/revisions"}],"predecessor-version":[{"id":28227,"href":"https:\/\/psjbatista.org.br\/paroquia\/wp-json\/wp\/v2\/pages\/9398\/revisions\/28227"}],"wp:featuredmedia":[{"embeddable":true,"href":"https:\/\/psjbatista.org.br\/paroquia\/wp-json\/wp\/v2\/media\/9083"}],"wp:attachment":[{"href":"https:\/\/psjbatista.org.br\/paroquia\/wp-json\/wp\/v2\/media?parent=9398"}],"curies":[{"name":"wp","href":"https:\/\/api.w.org\/{rel}","templated":true}]}}