{"id":2659,"date":"2014-08-27T08:47:12","date_gmt":"2014-08-27T11:47:12","guid":{"rendered":"https:\/\/psjbatista.org.br\/paroquia\/?page_id=2659"},"modified":"2014-09-09T18:30:38","modified_gmt":"2014-09-09T21:30:38","slug":"coral-sao-joao-batista","status":"publish","type":"page","link":"https:\/\/psjbatista.org.br\/paroquia\/pastorais\/coral-sao-joao-batista\/","title":{"rendered":"Coral S\u00e3o Jo\u00e3o Batista"},"content":{"rendered":"<h3>Coral S\u00e3o Jo\u00e3o Batista<\/h3>\n","protected":false},"excerpt":{"rendered":"<p>Coral S\u00e3o Jo\u00e3o Batista<\/p>\n","protected":false},"author":5,"featured_media":0,"parent":2610,"menu_order":0,"comment_status":"open","ping_status":"open","template":"","meta":{"om_disable_all_campaigns":false,"_monsterinsights_skip_tracking":false,"_monsterinsights_sitenote_active":false,"_monsterinsights_sitenote_note":"","_monsterinsights_sitenote_category":0,"_uf_show_specific_survey":0,"_uf_disable_surveys":false,"footnotes":""},"class_list":["post-2659","page","type-page","status-publish","hentry"],"aioseo_notices":[],"_links":{"self":[{"href":"https:\/\/psjbatista.org.br\/paroquia\/wp-json\/wp\/v2\/pages\/2659","targetHints":{"allow":["GET"]}}],"collection":[{"href":"https:\/\/psjbatista.org.br\/paroquia\/wp-json\/wp\/v2\/pages"}],"about":[{"href":"https:\/\/psjbatista.org.br\/paroquia\/wp-json\/wp\/v2\/types\/page"}],"author":[{"embeddable":true,"href":"https:\/\/psjbatista.org.br\/paroquia\/wp-json\/wp\/v2\/users\/5"}],"replies":[{"embeddable":true,"href":"https:\/\/psjbatista.org.br\/paroquia\/wp-json\/wp\/v2\/comments?post=2659"}],"version-history":[{"count":0,"href":"https:\/\/psjbatista.org.br\/paroquia\/wp-json\/wp\/v2\/pages\/2659\/revisions"}],"up":[{"embeddable":true,"href":"https:\/\/psjbatista.org.br\/paroquia\/wp-json\/wp\/v2\/pages\/2610"}],"wp:attachment":[{"href":"https:\/\/psjbatista.org.br\/paroquia\/wp-json\/wp\/v2\/media?parent=2659"}],"curies":[{"name":"wp","href":"https:\/\/api.w.org\/{rel}","templated":true}]}}