{"id":2610,"date":"2014-08-26T19:52:37","date_gmt":"2014-08-26T22:52:37","guid":{"rendered":"https:\/\/psjbatista.org.br\/paroquia\/?page_id=2610"},"modified":"2019-01-15T23:04:38","modified_gmt":"2019-01-16T01:04:38","slug":"pastorais","status":"publish","type":"page","link":"https:\/\/psjbatista.org.br\/paroquia\/pastorais\/","title":{"rendered":"Pastorais"},"content":{"rendered":"<p><b>A\u00e7\u00e3o pastoral cat\u00f3lica<\/b> ou simplesmente <b>pastoral<\/b> \u00e9 a a\u00e7\u00e3o da Igreja Cat\u00f3lica no mundo ou <i>o conjunto de atividades pelas quais a Igreja realiza a sua miss\u00e3o<\/i>, que consiste primariamente em continuar a a\u00e7\u00e3o de Jesus Cristo<\/p>\n<p>A palavra &#8216;pastoral&#8217; deriva de pastor. Na simbologia b\u00edblica, Deus \u00e9 comparado ao pastor, aquele que tem, ao mesmo tempo, autoridade e solicitude para com suas ovelhas. Jesus Cristo tamb\u00e9m \u00e9 comparado ao bom pastor no Evangelho de Jo\u00e3o.<\/p>\n<p>Como institui\u00e7\u00e3o, a Igreja atua n\u00e3o s\u00f3 na transmiss\u00e3o da sua doutrina, mas tamb\u00e9m no servi\u00e7o \u00e0 comunidade. A teologia que estuda esta a\u00e7\u00e3o chama-se <i>teologia pastoral<\/i>.<\/p>\n<h3><span id=\"Objetivo_da_a.C3.A7.C3.A3o_pastoral\" class=\"mw-headline\">Objetivo da a\u00e7\u00e3o pastoral<\/span><\/h3>\n<p>Evangelizar, proclamando o Evangelho de Jesus Cristo, por meio do servi\u00e7o, do di\u00e1logo, do an\u00fancio e do testemunho de comunh\u00e3o, \u00e0 luz da evang\u00e9lica op\u00e7\u00e3o pelos pobres, promovendo a dignidade da pessoa, renovando a comunidade, formando o povo de Deus e participando da constru\u00e7\u00e3o de uma sociedade justa e solid\u00e1ria.<\/p>\n<h3><span id=\"Fun.C3.A7.C3.B5es_pastorais\" class=\"mw-headline\">Fun\u00e7\u00f5es pastorais<\/span><\/h3>\n<p>A Igreja Cat\u00f3lica realiza a sua a\u00e7\u00e3o atrav\u00e9s de tr\u00eas fun\u00e7\u00f5es pastorais:<\/p>\n<ul>\n<li><i>Fun\u00e7\u00e3o prof\u00e9tica: abrange as diversas formas do minist\u00e9rio da Palavra de Deus (evangeliza\u00e7\u00e3o, catequese e homilia)<\/i>, bem como a forma\u00e7\u00e3o espiritual dos cat\u00f3licos;<\/li>\n<li><i>Fun\u00e7\u00e3o lit\u00fargica: refere-se \u00e0 celebra\u00e7\u00e3o dos sacramentos, sobretudo da Eucaristia, \u00e0 ora\u00e7\u00e3o e aos sacramentais;<\/i><\/li>\n<li><i>Fun\u00e7\u00e3o real: diz respeito \u00e0 promo\u00e7\u00e3o e orienta\u00e7\u00e3o das comunidades, \u00e0 organiza\u00e7\u00e3o da caridade e \u00e0 anima\u00e7\u00e3o crist\u00e3 das realidades terrestres<\/i>. Neste \u00faltimo aspecto, a ac\u00e7\u00e3o da Igreja engloba campos da sociedade como a sa\u00fade, a juventude, a solidariedade social, a educa\u00e7\u00e3o e o meio ambiente.<\/li>\n<\/ul>\n<h3>Pastorais na nossa Par\u00f3quia<\/h3>\n<ul class=\"sub-menu\">\n<li id=\"menu-item-2779\" class=\"menu-item menu-item-type-post_type menu-item-object-page menu-item-2779\">Acolhida<\/li>\n<li id=\"menu-item-2781\" class=\"menu-item menu-item-type-post_type menu-item-object-page menu-item-2781\">Batismo<\/li>\n<li id=\"menu-item-2792\" class=\"menu-item menu-item-type-post_type menu-item-object-page menu-item-2792\">Liturgia<\/li>\n<li id=\"menu-item-2782\" class=\"menu-item menu-item-type-post_type menu-item-object-page menu-item-2782\">Catequese<\/li>\n<li id=\"menu-item-2795\" class=\"menu-item menu-item-type-post_type menu-item-object-page menu-item-2795\">Perseveran\u00e7a<\/li>\n<li id=\"menu-item-2783\" class=\"menu-item menu-item-type-post_type menu-item-object-page menu-item-2783\">Catequese de Adultos<\/li>\n<li id=\"menu-item-2789\" class=\"menu-item menu-item-type-post_type menu-item-object-page menu-item-2789\">Grupo de Jovens<\/li>\n<li id=\"menu-item-2787\" class=\"menu-item menu-item-type-post_type menu-item-object-page menu-item-2787\">Crisma<\/li>\n<li id=\"menu-item-2796\" class=\"menu-item menu-item-type-post_type menu-item-object-page menu-item-2796\">Sa\u00fade<\/li>\n<li id=\"menu-item-2785\" class=\"menu-item menu-item-type-post_type menu-item-object-page menu-item-2785\">Comunica\u00e7\u00e3o<\/li>\n<li id=\"menu-item-2788\" class=\"menu-item menu-item-type-post_type menu-item-object-page menu-item-2788\">D\u00edzimo<\/li>\n<li id=\"menu-item-2794\" class=\"menu-item menu-item-type-post_type menu-item-object-page menu-item-2794\">Pastoral Familiar<\/li>\n<li id=\"menu-item-2790\" class=\"menu-item menu-item-type-post_type menu-item-object-page menu-item-2790\">Grupo de Ora\u00e7\u00e3o<\/li>\n<li id=\"menu-item-2780\" class=\"menu-item menu-item-type-post_type menu-item-object-page menu-item-2780\">Apostolado da Ora\u00e7\u00e3o<\/li>\n<li id=\"menu-item-2791\" class=\"menu-item menu-item-type-post_type menu-item-object-page menu-item-2791\">Legi\u00e3o de Maria<\/li>\n<li id=\"menu-item-2786\" class=\"menu-item menu-item-type-post_type menu-item-object-page menu-item-2786\">Coral S\u00e3o Jo\u00e3o Batista<\/li>\n<li id=\"menu-item-2793\" class=\"menu-item menu-item-type-post_type menu-item-object-page menu-item-2793\">Oficina de Ora\u00e7\u00e3o<\/li>\n<li id=\"menu-item-2784\" class=\"menu-item menu-item-type-post_type menu-item-object-page menu-item-2784\">Comiss\u00e3o de Festas<\/li>\n<\/ul>\n","protected":false},"excerpt":{"rendered":"<p>A\u00e7\u00e3o pastoral cat\u00f3lica ou simplesmente pastoral \u00e9 a a\u00e7\u00e3o da Igreja Cat\u00f3lica no mundo ou o conjunto de atividades pelas quais a Igreja realiza a sua miss\u00e3o, que consiste primariamente em continuar a a\u00e7\u00e3o de Jesus Cristo A palavra &#8216;pastoral&#8217; deriva de pastor. Na simbologia b\u00edblica, Deus \u00e9 comparado ao pastor, aquele que tem, ao [&hellip;]<\/p>\n","protected":false},"author":5,"featured_media":0,"parent":0,"menu_order":0,"comment_status":"closed","ping_status":"open","template":"","meta":{"om_disable_all_campaigns":false,"_monsterinsights_skip_tracking":false,"_monsterinsights_sitenote_active":false,"_monsterinsights_sitenote_note":"","_monsterinsights_sitenote_category":0,"_uf_show_specific_survey":0,"_uf_disable_surveys":false,"footnotes":""},"class_list":["post-2610","page","type-page","status-publish","hentry"],"aioseo_notices":[],"_links":{"self":[{"href":"https:\/\/psjbatista.org.br\/paroquia\/wp-json\/wp\/v2\/pages\/2610","targetHints":{"allow":["GET"]}}],"collection":[{"href":"https:\/\/psjbatista.org.br\/paroquia\/wp-json\/wp\/v2\/pages"}],"about":[{"href":"https:\/\/psjbatista.org.br\/paroquia\/wp-json\/wp\/v2\/types\/page"}],"author":[{"embeddable":true,"href":"https:\/\/psjbatista.org.br\/paroquia\/wp-json\/wp\/v2\/users\/5"}],"replies":[{"embeddable":true,"href":"https:\/\/psjbatista.org.br\/paroquia\/wp-json\/wp\/v2\/comments?post=2610"}],"version-history":[{"count":0,"href":"https:\/\/psjbatista.org.br\/paroquia\/wp-json\/wp\/v2\/pages\/2610\/revisions"}],"wp:attachment":[{"href":"https:\/\/psjbatista.org.br\/paroquia\/wp-json\/wp\/v2\/media?parent=2610"}],"curies":[{"name":"wp","href":"https:\/\/api.w.org\/{rel}","templated":true}]}}