{"id":25773,"date":"2025-03-31T20:05:30","date_gmt":"2025-03-31T23:05:30","guid":{"rendered":"https:\/\/psjbatista.org.br\/paroquia\/?page_id=25773"},"modified":"2026-05-02T15:41:00","modified_gmt":"2026-05-02T18:41:00","slug":"jornal-o-precursor","status":"publish","type":"page","link":"https:\/\/psjbatista.org.br\/paroquia\/jornal-o-precursor\/","title":{"rendered":"Jornal O Precursor"},"content":{"rendered":"<h2><strong>2026\u00a0<\/strong><\/h2>\n<p><strong><a href=\"https:\/\/psjbatista.org.br\/paroquia\/wp-content\/uploads\/2026\/02\/Precursor-Fevereiro-2026.pdf\">O Precursor &#8211; Edi\u00e7\u00e3o Fevereiro 2026<\/a><\/strong><\/p>\n<p><a href=\"https:\/\/psjbatista.org.br\/paroquia\/wp-content\/uploads\/2026\/03\/PRECURSOR-MARCO-2026.pdf\"><strong>O Precursor &#8211; Edi\u00e7\u00e3o Mar\u00e7o 2026<\/strong><\/a><\/p>\n<p><a href=\"https:\/\/psjbatista.org.br\/paroquia\/wp-content\/uploads\/2026\/04\/PRECURSOR-ABRIL-2026.pdf\"><strong>O Precursor &#8211; Edi\u00e7\u00e3o Abril 2026<\/strong><\/a><\/p>\n<p><a href=\"https:\/\/psjbatista.org.br\/paroquia\/wp-content\/uploads\/2026\/05\/PRECURSOR-MAIO-2026.pdf\"><strong>O Precursor &#8211; Edi\u00e7\u00e3o Maio 2026<\/strong><\/a><\/p>\n<h2><strong>2025<\/strong><\/h2>\n<p><strong><a href=\"https:\/\/online.fliphtml5.com\/ijhwn\/czqf\/?fbclid=PAZXh0bgNhZW0CMTEAAaaNsguhNsPJF25Fh_yWCjpcc_wty-Z4mMjGJs6xMBoycpYrnnDDz8-ZD4Y_aem_5YGBv6WmLWGHxz8IEM4fqw%23p%3D1#p=1\">O Precursor &#8211; Edi\u00e7\u00e3o Fevereiro 2025<\/a><\/strong><\/p>\n<p><strong><a href=\"https:\/\/online.fliphtml5.com\/ijhwn\/vsgq\/?fbclid=PAZXh0bgNhZW0CMTEAAaZd53c52zc3ACCFYNBXa7DFSvE1UEVCqfORg2OzJPZbscbsNMm1aMBIpEE_aem_xtWqIatbMwkg23oiXLFn0w%23p%3D1#p=1\">O Precursor &#8211; Edi\u00e7\u00e3o Mar\u00e7o 2025<\/a><\/strong><\/p>\n<p><a href=\"https:\/\/online.fliphtml5.com\/ijhwn\/qkgo\/\"><strong>O Precursor &#8211; Edi\u00e7\u00e3o Abril 2025<\/strong><\/a><\/p>\n<p><a href=\"https:\/\/online.fliphtml5.com\/ijhwn\/aylj\/#p=1\"><strong>O Precursor &#8211; Edi\u00e7\u00e3o Maio 2025<\/strong><\/a><\/p>\n<p><a href=\"https:\/\/psjbatista.org.br\/paroquia\/wp-content\/uploads\/2025\/06\/PRECURSOR-JUNHO-2025.pdf\"><strong>O Precursor &#8211; Edi\u00e7\u00e3o Junho 2025<\/strong><\/a><\/p>\n<p><a href=\"https:\/\/psjbatista.org.br\/paroquia\/wp-content\/uploads\/2025\/07\/PRECURSOR-JULHO-2025.pdf\"><strong>O Precursor &#8211; Edi\u00e7\u00e3o Julho 2025<\/strong><\/a><\/p>\n<p><a href=\"https:\/\/psjbatista.org.br\/paroquia\/wp-content\/uploads\/2025\/08\/Precursor-Agosto-2025.pdf\"><strong>O Precursor &#8211; Edi\u00e7\u00e3o Agosto 2025<\/strong><\/a><\/p>\n<p><a href=\"https:\/\/psjbatista.org.br\/paroquia\/wp-content\/uploads\/2025\/09\/Precursor-Setembro-2025.pdf\"><strong>O Precursor &#8211; Edi\u00e7\u00e3o Setembro 2025<\/strong><\/a><\/p>\n<p><a href=\"https:\/\/psjbatista.org.br\/paroquia\/wp-content\/uploads\/2025\/10\/PRECURSOR-OUT-2025.pdf\"><strong>O Precursor &#8211; Edi\u00e7\u00e3o Outubro 2025<\/strong><\/a><\/p>\n<p><a href=\"https:\/\/psjbatista.org.br\/paroquia\/wp-content\/uploads\/2025\/11\/O-Precursor-Novembro-de-2025.pdf\"><strong>O Precursor &#8211; Edi\u00e7\u00e3o Novembro 2025<\/strong><\/a><\/p>\n<p><a href=\"https:\/\/psjbatista.org.br\/paroquia\/wp-content\/uploads\/2025\/12\/PRECURSOR-DEZ.-2025.pdf\"><strong>O Precursor &#8211; Edi\u00e7\u00e3o Dezembro 2025<\/strong><\/a><\/p>\n","protected":false},"excerpt":{"rendered":"<p>2026\u00a0 O Precursor &#8211; Edi\u00e7\u00e3o Fevereiro 2026 O Precursor &#8211; Edi\u00e7\u00e3o Mar\u00e7o 2026 O Precursor &#8211; Edi\u00e7\u00e3o Abril 2026 O Precursor &#8211; Edi\u00e7\u00e3o Maio 2026 2025 O Precursor &#8211; Edi\u00e7\u00e3o Fevereiro 2025 O Precursor &#8211; Edi\u00e7\u00e3o Mar\u00e7o 2025 O Precursor &#8211; Edi\u00e7\u00e3o Abril 2025 O Precursor &#8211; Edi\u00e7\u00e3o Maio 2025 O Precursor &#8211; Edi\u00e7\u00e3o Junho [&hellip;]<\/p>\n","protected":false},"author":5,"featured_media":0,"parent":0,"menu_order":0,"comment_status":"closed","ping_status":"closed","template":"","meta":{"om_disable_all_campaigns":false,"_monsterinsights_skip_tracking":false,"_monsterinsights_sitenote_active":false,"_monsterinsights_sitenote_note":"","_monsterinsights_sitenote_category":0,"_uf_show_specific_survey":0,"_uf_disable_surveys":false,"footnotes":""},"class_list":["post-25773","page","type-page","status-publish","hentry"],"aioseo_notices":[],"_links":{"self":[{"href":"https:\/\/psjbatista.org.br\/paroquia\/wp-json\/wp\/v2\/pages\/25773","targetHints":{"allow":["GET"]}}],"collection":[{"href":"https:\/\/psjbatista.org.br\/paroquia\/wp-json\/wp\/v2\/pages"}],"about":[{"href":"https:\/\/psjbatista.org.br\/paroquia\/wp-json\/wp\/v2\/types\/page"}],"author":[{"embeddable":true,"href":"https:\/\/psjbatista.org.br\/paroquia\/wp-json\/wp\/v2\/users\/5"}],"replies":[{"embeddable":true,"href":"https:\/\/psjbatista.org.br\/paroquia\/wp-json\/wp\/v2\/comments?post=25773"}],"version-history":[{"count":5,"href":"https:\/\/psjbatista.org.br\/paroquia\/wp-json\/wp\/v2\/pages\/25773\/revisions"}],"predecessor-version":[{"id":28332,"href":"https:\/\/psjbatista.org.br\/paroquia\/wp-json\/wp\/v2\/pages\/25773\/revisions\/28332"}],"wp:attachment":[{"href":"https:\/\/psjbatista.org.br\/paroquia\/wp-json\/wp\/v2\/media?parent=25773"}],"curies":[{"name":"wp","href":"https:\/\/api.w.org\/{rel}","templated":true}]}}