{"id":19105,"date":"2022-12-02T16:53:47","date_gmt":"2022-12-02T19:53:47","guid":{"rendered":"https:\/\/psjbatista.org.br\/paroquia\/?page_id=19105"},"modified":"2025-04-07T20:43:43","modified_gmt":"2025-04-07T23:43:43","slug":"dizimo","status":"publish","type":"page","link":"https:\/\/psjbatista.org.br\/paroquia\/dizimo\/","title":{"rendered":"D\u00edzimo"},"content":{"rendered":"<h3><\/h3>\n<h3>APRESENTA\u00c7\u00c3O<\/h3>\n<p>A Pastoral do D\u00edzimo est\u00e1 organizada em nossa par\u00f3quia atrav\u00e9s do servi\u00e7o volunt\u00e1rio de v\u00e1rias pessoas e tamb\u00e9m v\u00e1rios casais que dinamizam o trabalho de divulga\u00e7\u00e3o, acolhida e contato com aqueles que desejam ser dizimistas e com aqueles que j\u00e1 fazem parte desta miss\u00e3o.<\/p>\n<h3>CONTRIBUIR COM O D\u00cdZIMO, POR QUE?<br \/>\nO D\u00cdZIMO \u00c9 O RECONHECIMENTO DE QUE TUDO PERTENCE A DEUS.<\/h3>\n<p>Contribuir com o d\u00edzimo \u00e9 reconhecer que tudo o que somos e temos tem um \u00fanico dono: Deus. Tudo, na verdade, pertence a Ele. N\u00f3s apenas administramos o que Dele recebemos.<\/p>\n<h3>O D\u00cdZIMO \u00c9 DEVOLU\u00c7\u00c3O, E N\u00c3O PAGAMENTO.<\/h3>\n<p>Contribuir com o d\u00edzimo \u00e9 devolver a Deus uma pequena parte do muito que Ele nos d\u00e1. A gra\u00e7a de Deus n\u00e3o tem pre\u00e7o; nem todo o dinheiro do mundo pode compr\u00e1-lo. O d\u00edzimo n\u00e3o \u00e9 pagamento, mas sim devolu\u00e7\u00e3o.<\/p>\n<h3>O D\u00cdZIMO \u00c9 UMA ATITUDE DE AMOR.<\/h3>\n<p>Contribuir com o dizimo \u00e9 uma atitude de amor que brota do cora\u00e7\u00e3o de quem sabe ser grato para com Deus. O dizimo perde a sua raz\u00e3o de ser quando ofertado por medo, interesse ou supersti\u00e7\u00e3o.<\/p>\n<h3>PELO D\u00cdZIMO AJUDAMOS A IGREJA<br \/>\nA CUMPRIR COM A SUA MISS\u00c3O.<\/h3>\n<p>Contribuir com o dizimo \u00e9 participar da grande miss\u00e3o da Igreja, a evangeliza\u00e7\u00e3o. Quem oferta o dizimo com consci\u00eancia e f\u00e9, torna-se evangelizador, mesmo que n\u00e3o possa ou n\u00e3o saiba anunciar a Palavra de Deus. O pr\u00f3prio ato de contribuir com o d\u00edzimo j\u00e1 \u00e9 um ato evangelizador.<\/p>\n<h3>PELO D\u00cdZIMO O CRIST\u00c3O SE SENTE<br \/>\nCORRESPONS\u00c1VEL PELA SUA COMUNIDADE<\/h3>\n<p>Contribuir com o dizimo \u00e9 sentir-se correspons\u00e1vel por tudo o que se diz a respeito da Igreja. \u00c9 juntos que devemos assumir os encargos e responsabilidades de nossa comunidade.<\/p>\n<h3>O D\u00cdZIMO \u00c9 UMA FONTE DE B\u00caN\u00c7\u00c3OS.<\/h3>\n<p>Contribuir com o d\u00edzimo \u00e9 ficar aberto a a\u00e7\u00e3o de Deus, que retribui a quem sabe ser justo e generoso. O d\u00edzimo \u00e9 uma via de m\u00e3o dupla; \u00e0 medida que somos generosos, Deus tamb\u00e9m \u00e9 generoso conosco. S\u00f3 podemos receber quando a porte do nosso cora\u00e7\u00e3o se abre para dar.<\/p>\n<h3>COMO FAZER O CADASTRO E PARTICIPAR?<\/h3>\n<p>Para fazer parte desta comunidade comprometida com o d\u00edzimo, basta preencher com seus dados a fixa de inscri\u00e7\u00e3o anexa (ao lado). Destac\u00e1-la e devolv\u00ea-la na secretaria paroquial ou nos plant\u00f5es do Dizimo nas missas<\/p>\n<h3>COMPROMISSO MENSAL<\/h3>\n<p>Toda contribui\u00e7\u00e3o \u00e9 registrada no Sistema de Dados da Diocese, em seu nome. Voc\u00ea contribui com o valor que acha poss\u00edvel e dentro de seu or\u00e7amento familiar. Esse compromisso com a Igreja \u00e9 espont\u00e2neo e de cora\u00e7\u00e3o!<\/p>\n<h3>N\u00d3S AGRADECEMOS&#8230;<\/h3>\n<p>Voc\u00ea estar\u00e1 sempre em nossas ora\u00e7\u00f5es, somos agradecidos a todos os nossos benfeitores. Mas de forma especial&#8230; Obrigado pelo seu testemunho de pertenca a Jesus e a lgreja. O seu Dizimo \u00e9 sinal e prova de que voc\u00ea tem consci\u00eancia do batismo que recebeu e que conhece o significado de com(viver) em comunidade, participando ativamente dela.<\/p>\n<p><img loading=\"lazy\" decoding=\"async\" class=\"aligncenter size-full wp-image-19197\" src=\"https:\/\/psjbatista.org.br\/paroquia\/wp-content\/uploads\/2023\/06\/PDZMO.png\" alt=\"\" width=\"1199\" height=\"294\" srcset=\"https:\/\/psjbatista.org.br\/paroquia\/wp-content\/uploads\/2023\/06\/PDZMO.png 1199w, https:\/\/psjbatista.org.br\/paroquia\/wp-content\/uploads\/2023\/06\/PDZMO-320x78.png 320w, https:\/\/psjbatista.org.br\/paroquia\/wp-content\/uploads\/2023\/06\/PDZMO-768x188.png 768w, https:\/\/psjbatista.org.br\/paroquia\/wp-content\/uploads\/2023\/06\/PDZMO-640x157.png 640w\" sizes=\"auto, (max-width: 1199px) 100vw, 1199px\" \/><\/p>\n<p>&nbsp;<\/p>\n<p>&nbsp;<\/p>\n","protected":false},"excerpt":{"rendered":"<p>APRESENTA\u00c7\u00c3O A Pastoral do D\u00edzimo est\u00e1 organizada em nossa par\u00f3quia atrav\u00e9s do servi\u00e7o volunt\u00e1rio de v\u00e1rias pessoas e tamb\u00e9m v\u00e1rios casais que dinamizam o trabalho de divulga\u00e7\u00e3o, acolhida e contato com aqueles que desejam ser dizimistas e com aqueles que j\u00e1 fazem parte desta miss\u00e3o. CONTRIBUIR COM O D\u00cdZIMO, POR QUE? O D\u00cdZIMO \u00c9 O [&hellip;]<\/p>\n","protected":false},"author":5,"featured_media":0,"parent":0,"menu_order":0,"comment_status":"closed","ping_status":"closed","template":"","meta":{"om_disable_all_campaigns":false,"_monsterinsights_skip_tracking":false,"_monsterinsights_sitenote_active":false,"_monsterinsights_sitenote_note":"","_monsterinsights_sitenote_category":0,"_uf_show_specific_survey":0,"_uf_disable_surveys":false,"footnotes":""},"class_list":["post-19105","page","type-page","status-publish","hentry"],"aioseo_notices":[],"_links":{"self":[{"href":"https:\/\/psjbatista.org.br\/paroquia\/wp-json\/wp\/v2\/pages\/19105","targetHints":{"allow":["GET"]}}],"collection":[{"href":"https:\/\/psjbatista.org.br\/paroquia\/wp-json\/wp\/v2\/pages"}],"about":[{"href":"https:\/\/psjbatista.org.br\/paroquia\/wp-json\/wp\/v2\/types\/page"}],"author":[{"embeddable":true,"href":"https:\/\/psjbatista.org.br\/paroquia\/wp-json\/wp\/v2\/users\/5"}],"replies":[{"embeddable":true,"href":"https:\/\/psjbatista.org.br\/paroquia\/wp-json\/wp\/v2\/comments?post=19105"}],"version-history":[{"count":0,"href":"https:\/\/psjbatista.org.br\/paroquia\/wp-json\/wp\/v2\/pages\/19105\/revisions"}],"wp:attachment":[{"href":"https:\/\/psjbatista.org.br\/paroquia\/wp-json\/wp\/v2\/media?parent=19105"}],"curies":[{"name":"wp","href":"https:\/\/api.w.org\/{rel}","templated":true}]}}